{"id":9683,"date":"2022-10-25T20:52:24","date_gmt":"2022-10-25T18:52:24","guid":{"rendered":"https:\/\/agroferomonas.com\/?page_id=9683"},"modified":"2022-11-04T09:38:17","modified_gmt":"2022-11-04T08:38:17","slug":"inscripcion","status":"publish","type":"page","link":"https:\/\/agroferomonas.com\/en\/inscripcion\/","title":{"rendered":"Inscripci\u00f3n"},"content":{"rendered":"<div data-elementor-type=\"wp-page\" data-elementor-id=\"9683\" class=\"elementor elementor-9683\">\n\t\t\t\t\t\t<div class=\"elementor-inner\">\n\t\t\t\t<div class=\"elementor-section-wrap\">\n\t\t\t\t\t\t\t\t\t<section data-dce-background-image-url=\"https:\/\/agroferomonas.com\/wp-content\/uploads\/2022\/07\/fondo-inicio.jpg\" class=\"elementor-section elementor-top-section elementor-element elementor-element-c477b13 elementor-section-boxed elementor-section-height-default elementor-section-height-default\" data-id=\"c477b13\" data-element_type=\"section\" data-settings=\"{&quot;background_background&quot;:&quot;classic&quot;}\">\n\t\t\t\t\t\t<div class=\"elementor-container elementor-column-gap-default\">\n\t\t\t\t\t\t\t<div class=\"elementor-row\">\n\t\t\t\t\t<div class=\"elementor-column elementor-col-33 elementor-top-column elementor-element elementor-element-2ca8c8e\" data-id=\"2ca8c8e\" data-element_type=\"column\">\n\t\t\t<div class=\"elementor-column-wrap\">\n\t\t\t\t\t\t\t<div class=\"elementor-widget-wrap\">\n\t\t\t\t\t\t\t\t<\/div>\n\t\t\t\t\t<\/div>\n\t\t<\/div>\n\t\t\t\t<div class=\"elementor-column elementor-col-33 elementor-top-column elementor-element elementor-element-8b81cda\" data-id=\"8b81cda\" data-element_type=\"column\">\n\t\t\t<div class=\"elementor-column-wrap elementor-element-populated\">\n\t\t\t\t\t\t\t<div class=\"elementor-widget-wrap\">\n\t\t\t\t\t\t<section data-dce-background-overlay-color=\"#E6E6E6\" class=\"elementor-section elementor-inner-section elementor-element elementor-element-c959a31 elementor-section-height-min-height elementor-section-boxed elementor-section-height-default\" data-id=\"c959a31\" data-element_type=\"section\">\n\t\t\t\t\t\t\t<div class=\"elementor-background-overlay\"><\/div>\n\t\t\t\t\t\t\t<div class=\"elementor-container elementor-column-gap-default\">\n\t\t\t\t\t\t\t<div class=\"elementor-row\">\n\t\t\t\t\t<div data-dce-background-color=\"#3FB285\" data-dce-background-overlay-image-url=\"https:\/\/agroferomonas.com\/wp-content\/uploads\/2022\/07\/circulos.webp\" class=\"elementor-column elementor-col-100 elementor-inner-column elementor-element elementor-element-044d6c8\" data-id=\"044d6c8\" data-element_type=\"column\" data-settings=\"{&quot;background_background&quot;:&quot;classic&quot;}\">\n\t\t\t<div class=\"elementor-column-wrap elementor-element-populated\">\n\t\t\t\t\t<div class=\"elementor-background-overlay\"><\/div>\n\t\t\t\t\t\t\t<div class=\"elementor-widget-wrap\">\n\t\t\t\t\t\t<div class=\"elementor-element elementor-element-9f35f8a elementor-widget elementor-widget-heading\" data-id=\"9f35f8a\" data-element_type=\"widget\" data-widget_type=\"heading.default\">\n\t\t\t\t<div class=\"elementor-widget-container\">\n\t\t\t<h2 class=\"elementor-heading-title elementor-size-default\">TICKETS<\/h2>\t\t<\/div>\n\t\t\t\t<\/div>\n\t\t\t\t<div class=\"elementor-element elementor-element-fd0978c elementor-widget__width-initial elementor-widget elementor-widget-shortcode\" data-id=\"fd0978c\" data-element_type=\"widget\" data-widget_type=\"shortcode.default\">\n\t\t\t\t<div class=\"elementor-widget-container\">\n\t\t\t\t\t<div class=\"elementor-shortcode\"><div  class=\"tribe-common event-tickets tribe-tickets__tickets-wrapper\" >\n\t<form\n\t\tid=\"tribe-tickets__tickets-form\"\n\t\taction=\"https:\/\/agroferomonas.com\/en\/finalizar-compra\/\"\n\t\tclass=\"tribe-tickets__tickets-form tribe-tickets__form\"\n\t\tmethod=\"post\"\n\t\tenctype='multipart\/form-data'\n\t\tdata-provider=\"Tribe__Tickets_Plus__Commerce__WooCommerce__Main\"\n\t\tautocomplete=\"off\"\n\t\tdata-provider-id=\"woo\"\n\t\tdata-post-id=\"8530\"\n\t\tnovalidate\n\t data-trp-original-action=\"https:\/\/agroferomonas.com\/en\/finalizar-compra\/\">\n\n\t\t<input type=\"hidden\" name=\"tribe_tickets_saving_attendees\" value=\"1\"\/>\n\t\t<input type=\"hidden\" name=\"tribe_tickets_ar\" value=\"1\"\/>\n\t\t<input type=\"hidden\" name=\"tribe_tickets_ar_data\" value=\"\" id=\"tribe_tickets_block_ar_data\"\/>\n\n\t\t<input\n\ttype=\"hidden\"\n\tid=\"wootickets_process\"\n\tname=\"wootickets_process\"\n\tvalue=\"1\"\n\/>\n<input name=\"provider\" value=\"Tribe__Tickets_Plus__Commerce__WooCommerce__Main\" class=\"tribe-tickets-provider\" type=\"hidden\">\n\n\t\t<script\n\ttype=\"text\/template\"\n\tid=\"tmpl-tribe-tickets__iac-unique-name-error-template\"\n\tclass=\"tribe-tickets__iac-unique-name-error-template\"\n>\n\t<div class=\"tribe-tickets__form-field-input-helper tribe-tickets__form-field-input-helper--error\">\n\t\tGuest name cannot be repeated.\t<\/div>\n<\/script>\n<script\n\ttype=\"text\/template\"\n\tid=\"tmpl-tribe-tickets__iac-unique-email-error-template\"\n\tclass=\"tribe-tickets__iac-unique-email-error-template\"\n>\n\t<div class=\"tribe-tickets__form-field-input-helper tribe-tickets__form-field-input-helper--error\">\n\t\tGuest email cannot be repeated.\t<\/div>\n<\/script>\n\n<h2 class=\"tribe-common-h4 tribe-common-h--alt tribe-tickets__tickets-title\">\n\tTickets<\/h2>\n\n\t\t<div id=\"tribe-tickets__notice__tickets-in-cart\"  class=\"tribe-tickets__notice tribe-tickets__notice--barred tribe-tickets__notice--barred-left\" >\n\t\n\t<div  class=\"tribe-common-b2 tribe-tickets-notice__content tribe-common-b3\" >\n\t\tThe numbers below include tickets for this event already in your cart. Clicking \"Get Tickets\" will allow you to edit any existing attendee information as well as change ticket quantities.\t<\/div>\n<\/div>\n\n\t\t\n\t\t\n\t\t<div  class=\"tribe-tickets__tickets-item tribe-tickets__tickets-item--inactive\" >\n\t<div\n\t\tclass=\"tribe-tickets__tickets-item-content tribe-tickets__tickets-item-content--inactive\"\n\t>\n\t\tTickets are no longer available\t<\/div>\n<\/div>\n\n\t\t<div  class=\"tribe-tickets-loader__dots tribe-common-c-loader tribe-common-a11y-hidden\" >\n\t<svg  class=\"tribe-common-c-svgicon tribe-common-c-svgicon--dot tribe-common-c-loader__dot tribe-common-c-loader__dot--first\"  viewbox=\"0 0 15 15\" xmlns=\"http:\/\/www.w3.org\/2000\/svg\"><circle cx=\"7.5\" cy=\"7.5\" r=\"7.5\"\/><\/svg>\n\t<svg  class=\"tribe-common-c-svgicon tribe-common-c-svgicon--dot tribe-common-c-loader__dot tribe-common-c-loader__dot--second\"  viewbox=\"0 0 15 15\" xmlns=\"http:\/\/www.w3.org\/2000\/svg\"><circle cx=\"7.5\" cy=\"7.5\" r=\"7.5\"\/><\/svg>\n\t<svg  class=\"tribe-common-c-svgicon tribe-common-c-svgicon--dot tribe-common-c-loader__dot tribe-common-c-loader__dot--third\"  viewbox=\"0 0 15 15\" xmlns=\"http:\/\/www.w3.org\/2000\/svg\"><circle cx=\"7.5\" cy=\"7.5\" r=\"7.5\"\/><\/svg>\n<\/div>\n\n\t<input type=\"hidden\" name=\"trp-form-language\" value=\"en\"\/><\/form>\n\n\t\n<span id=\"tribe-tickets__modal-target\"><\/span>\n<\/div>\n<\/div>\n\t\t\t\t<\/div>\n\t\t\t\t<\/div>\n\t\t\t\t\t\t<\/div>\n\t\t\t\t\t<\/div>\n\t\t<\/div>\n\t\t\t\t\t\t\t\t<\/div>\n\t\t\t\t\t<\/div>\n\t\t<\/section>\n\t\t\t\t\t\t<\/div>\n\t\t\t\t\t<\/div>\n\t\t<\/div>\n\t\t\t\t<div class=\"elementor-column elementor-col-33 elementor-top-column elementor-element elementor-element-23dc378 elementor-hidden-mobile\" data-id=\"23dc378\" data-element_type=\"column\">\n\t\t\t<div class=\"elementor-column-wrap\">\n\t\t\t\t\t\t\t<div class=\"elementor-widget-wrap\">\n\t\t\t\t\t\t\t\t<\/div>\n\t\t\t\t\t<\/div>\n\t\t<\/div>\n\t\t\t\t\t\t\t\t<\/div>\n\t\t\t\t\t<\/div>\n\t\t<\/section>\n\t\t\t\t\t\t\t\t\t<\/div>\n\t\t\t<\/div>\n\t\t\t\t\t<\/div>","protected":false},"excerpt":{"rendered":"<p>TICKETS<\/p>","protected":false},"author":6,"featured_media":0,"parent":0,"menu_order":0,"comment_status":"closed","ping_status":"closed","template":"elementor_header_footer","meta":{"_price":"","_stock":"","_tribe_ticket_header":"","_tribe_default_ticket_provider":"","_tribe_ticket_capacity":"0","_ticket_start_date":"","_ticket_end_date":"","_tribe_ticket_show_description":"","_tribe_ticket_show_not_going":false,"_tribe_ticket_use_global_stock":"","_tribe_ticket_global_stock_level":"","_global_stock_mode":"","_global_stock_cap":"","_tribe_rsvp_for_event":"","_tribe_ticket_going_count":"","_tribe_ticket_not_going_count":"","_tribe_tickets_list":[],"_tribe_ticket_has_attendee_info_fields":false},"yoast_head":"<!-- This site is optimized with the Yoast SEO plugin v19.7.2 - https:\/\/yoast.com\/wordpress\/plugins\/seo\/ -->\n<title>Entradas - AGROFEROMONAS 2022<\/title>\n<meta name=\"description\" content=\"Compra tu entrada y no te pierdas el evento del a\u00f1o en Control biol\u00f3gico y otras herramientas tecnol\u00f3gicas para el control de plagas\u200b.\" \/>\n<meta name=\"robots\" content=\"index, follow, max-snippet:-1, max-image-preview:large, max-video-preview:-1\" \/>\n<link rel=\"canonical\" href=\"https:\/\/agroferomonas.com\/en\/inscripcion\/\" \/>\n<meta property=\"og:locale\" content=\"en_GB\" \/>\n<meta property=\"og:type\" content=\"article\" \/>\n<meta property=\"og:title\" content=\"Entradas - AGROFEROMONAS 2022\" \/>\n<meta property=\"og:description\" content=\"Compra tu entrada y no te pierdas el evento del a\u00f1o en Control biol\u00f3gico y otras herramientas tecnol\u00f3gicas para el control de plagas\u200b.\" \/>\n<meta property=\"og:url\" content=\"https:\/\/agroferomonas.com\/en\/inscripcion\/\" \/>\n<meta property=\"og:site_name\" content=\"Foro Agroferomonas\" \/>\n<meta property=\"article:modified_time\" content=\"2022-11-04T08:38:17+00:00\" \/>\n<meta name=\"twitter:card\" content=\"summary_large_image\" \/>\n<meta name=\"twitter:label1\" content=\"Estimated reading time\" \/>\n\t<meta name=\"twitter:data1\" content=\"1 minute\" \/>\n<script type=\"application\/ld+json\" class=\"yoast-schema-graph\">{\"@context\":\"https:\/\/schema.org\",\"@graph\":[{\"@type\":\"WebPage\",\"@id\":\"https:\/\/agroferomonas.com\/inscripcion\/\",\"url\":\"https:\/\/agroferomonas.com\/inscripcion\/\",\"name\":\"Entradas - AGROFEROMONAS 2022\",\"isPartOf\":{\"@id\":\"https:\/\/agroferomonas.com\/#website\"},\"datePublished\":\"2022-10-25T18:52:24+00:00\",\"dateModified\":\"2022-11-04T08:38:17+00:00\",\"description\":\"Compra tu entrada y no te pierdas el evento del a\u00f1o en Control biol\u00f3gico y otras herramientas tecnol\u00f3gicas para el control de plagas\u200b.\",\"breadcrumb\":{\"@id\":\"https:\/\/agroferomonas.com\/inscripcion\/#breadcrumb\"},\"inLanguage\":\"en-GB\",\"potentialAction\":[{\"@type\":\"ReadAction\",\"target\":[\"https:\/\/agroferomonas.com\/inscripcion\/\"]}]},{\"@type\":\"BreadcrumbList\",\"@id\":\"https:\/\/agroferomonas.com\/inscripcion\/#breadcrumb\",\"itemListElement\":[{\"@type\":\"ListItem\",\"position\":1,\"name\":\"Portada\",\"item\":\"https:\/\/agroferomonas.com\/\"},{\"@type\":\"ListItem\",\"position\":2,\"name\":\"Inscripci\u00f3n\"}]},{\"@type\":\"WebSite\",\"@id\":\"https:\/\/agroferomonas.com\/#website\",\"url\":\"https:\/\/agroferomonas.com\/\",\"name\":\"Foro Agroferomonas\",\"description\":\"Control biol\u00f3gico, trampas y atrayentes\",\"publisher\":{\"@id\":\"https:\/\/agroferomonas.com\/#organization\"},\"potentialAction\":[{\"@type\":\"SearchAction\",\"target\":{\"@type\":\"EntryPoint\",\"urlTemplate\":\"https:\/\/agroferomonas.com\/?s={search_term_string}\"},\"query-input\":\"required name=search_term_string\"}],\"inLanguage\":\"en-GB\"},{\"@type\":\"Organization\",\"@id\":\"https:\/\/agroferomonas.com\/#organization\",\"name\":\"Foro Agroferomonas\",\"url\":\"https:\/\/agroferomonas.com\/\",\"sameAs\":[],\"logo\":{\"@type\":\"ImageObject\",\"inLanguage\":\"en-GB\",\"@id\":\"https:\/\/agroferomonas.com\/#\/schema\/logo\/image\/\",\"url\":\"https:\/\/agroferomonas.com\/wp-content\/uploads\/2022\/01\/logo-agroferomonas-2022-copia.png\",\"contentUrl\":\"https:\/\/agroferomonas.com\/wp-content\/uploads\/2022\/01\/logo-agroferomonas-2022-copia.png\",\"width\":384,\"height\":108,\"caption\":\"Foro Agroferomonas\"},\"image\":{\"@id\":\"https:\/\/agroferomonas.com\/#\/schema\/logo\/image\/\"}}]}<\/script>\n<!-- \/ Yoast SEO plugin. -->","yoast_head_json":{"title":"Entradas - AGROFEROMONAS 2022","description":"Compra tu entrada y no te pierdas el evento del a\u00f1o en Control biol\u00f3gico y otras herramientas tecnol\u00f3gicas para el control de plagas\u200b.","robots":{"index":"index","follow":"follow","max-snippet":"max-snippet:-1","max-image-preview":"max-image-preview:large","max-video-preview":"max-video-preview:-1"},"canonical":"https:\/\/agroferomonas.com\/en\/inscripcion\/","og_locale":"en_GB","og_type":"article","og_title":"Entradas - AGROFEROMONAS 2022","og_description":"Compra tu entrada y no te pierdas el evento del a\u00f1o en Control biol\u00f3gico y otras herramientas tecnol\u00f3gicas para el control de plagas\u200b.","og_url":"https:\/\/agroferomonas.com\/en\/inscripcion\/","og_site_name":"Foro Agroferomonas","article_modified_time":"2022-11-04T08:38:17+00:00","twitter_card":"summary_large_image","twitter_misc":{"Estimated reading time":"1 minute"},"schema":{"@context":"https:\/\/schema.org","@graph":[{"@type":"WebPage","@id":"https:\/\/agroferomonas.com\/inscripcion\/","url":"https:\/\/agroferomonas.com\/inscripcion\/","name":"Entradas - AGROFEROMONAS 2022","isPartOf":{"@id":"https:\/\/agroferomonas.com\/#website"},"datePublished":"2022-10-25T18:52:24+00:00","dateModified":"2022-11-04T08:38:17+00:00","description":"Compra tu entrada y no te pierdas el evento del a\u00f1o en Control biol\u00f3gico y otras herramientas tecnol\u00f3gicas para el control de plagas\u200b.","breadcrumb":{"@id":"https:\/\/agroferomonas.com\/inscripcion\/#breadcrumb"},"inLanguage":"en-GB","potentialAction":[{"@type":"ReadAction","target":["https:\/\/agroferomonas.com\/inscripcion\/"]}]},{"@type":"BreadcrumbList","@id":"https:\/\/agroferomonas.com\/inscripcion\/#breadcrumb","itemListElement":[{"@type":"ListItem","position":1,"name":"Portada","item":"https:\/\/agroferomonas.com\/"},{"@type":"ListItem","position":2,"name":"Inscripci\u00f3n"}]},{"@type":"WebSite","@id":"https:\/\/agroferomonas.com\/#website","url":"https:\/\/agroferomonas.com\/","name":"Foro Agroferomonas","description":"Control biol\u00f3gico, trampas y atrayentes","publisher":{"@id":"https:\/\/agroferomonas.com\/#organization"},"potentialAction":[{"@type":"SearchAction","target":{"@type":"EntryPoint","urlTemplate":"https:\/\/agroferomonas.com\/?s={search_term_string}"},"query-input":"required name=search_term_string"}],"inLanguage":"en-GB"},{"@type":"Organization","@id":"https:\/\/agroferomonas.com\/#organization","name":"Foro Agroferomonas","url":"https:\/\/agroferomonas.com\/","sameAs":[],"logo":{"@type":"ImageObject","inLanguage":"en-GB","@id":"https:\/\/agroferomonas.com\/#\/schema\/logo\/image\/","url":"https:\/\/agroferomonas.com\/wp-content\/uploads\/2022\/01\/logo-agroferomonas-2022-copia.png","contentUrl":"https:\/\/agroferomonas.com\/wp-content\/uploads\/2022\/01\/logo-agroferomonas-2022-copia.png","width":384,"height":108,"caption":"Foro Agroferomonas"},"image":{"@id":"https:\/\/agroferomonas.com\/#\/schema\/logo\/image\/"}}]}},"ticketed":false,"_links":{"self":[{"href":"https:\/\/agroferomonas.com\/en\/wp-json\/wp\/v2\/pages\/9683"}],"collection":[{"href":"https:\/\/agroferomonas.com\/en\/wp-json\/wp\/v2\/pages"}],"about":[{"href":"https:\/\/agroferomonas.com\/en\/wp-json\/wp\/v2\/types\/page"}],"author":[{"embeddable":true,"href":"https:\/\/agroferomonas.com\/en\/wp-json\/wp\/v2\/users\/6"}],"replies":[{"embeddable":true,"href":"https:\/\/agroferomonas.com\/en\/wp-json\/wp\/v2\/comments?post=9683"}],"version-history":[{"count":65,"href":"https:\/\/agroferomonas.com\/en\/wp-json\/wp\/v2\/pages\/9683\/revisions"}],"predecessor-version":[{"id":10022,"href":"https:\/\/agroferomonas.com\/en\/wp-json\/wp\/v2\/pages\/9683\/revisions\/10022"}],"wp:attachment":[{"href":"https:\/\/agroferomonas.com\/en\/wp-json\/wp\/v2\/media?parent=9683"}],"curies":[{"name":"wp","href":"https:\/\/api.w.org\/{rel}","templated":true}]}}