{"id":9823,"date":"2022-10-28T18:08:49","date_gmt":"2022-10-28T16:08:49","guid":{"rendered":"https:\/\/agroferomonas.com\/?post_type=product&#038;p=9823"},"modified":"2022-10-28T18:51:41","modified_gmt":"2022-10-28T16:51:41","slug":"vino-espanol","status":"publish","type":"product","link":"https:\/\/agroferomonas.com\/en\/product\/vino-espanol\/","title":{"rendered":"Vino Espa\u00f1ol"},"content":{"rendered":"<p>A\u00f1ade el vino espa\u00f1ol a tu entrada presencial si no la compraste anteriormente.<\/p>\n<p>Men\u00fa: <a href=\"https:\/\/agroferomonas.com\/menu.pdf\">agroferomonas.com\/menu<\/a><\/p>","protected":false},"excerpt":{"rendered":"<p>A\u00f1ade el vino espa\u00f1ol a tu entrada presencial si no la compraste anteriormente. Men\u00fa: agroferomonas.com\/menu<\/p>","protected":false},"featured_media":9824,"template":"","meta":{"_price":"25","_stock":"","_tribe_ticket_header":"","_tribe_default_ticket_provider":"","_tribe_ticket_capacity":"0","_ticket_start_date":"","_ticket_end_date":"","_tribe_ticket_show_description":"","_tribe_ticket_show_not_going":false,"_tribe_ticket_use_global_stock":"","_tribe_ticket_global_stock_level":"","_global_stock_mode":"","_global_stock_cap":"","_tribe_rsvp_for_event":"","_tribe_ticket_going_count":"","_tribe_ticket_not_going_count":"","_tribe_tickets_list":[],"_tribe_ticket_has_attendee_info_fields":false},"product_cat":[23],"product_tag":[],"yoast_head":"<!-- This site is optimized with the Yoast SEO plugin v19.7.2 - https:\/\/yoast.com\/wordpress\/plugins\/seo\/ -->\n<title>Vino Espa\u00f1ol - Foro Agroferomonas<\/title>\n<meta name=\"robots\" content=\"noindex, nofollow\" \/>\n<meta property=\"og:locale\" content=\"en_GB\" \/>\n<meta property=\"og:type\" content=\"article\" \/>\n<meta property=\"og:title\" content=\"Vino Espa\u00f1ol - Foro Agroferomonas\" \/>\n<meta property=\"og:description\" content=\"A\u00f1ade el vino espa\u00f1ol a tu entrada presencial si no la compraste anteriormente. Men\u00fa: agroferomonas.com\/menu\" \/>\n<meta property=\"og:url\" content=\"https:\/\/agroferomonas.com\/en\/product\/vino-espanol\/\" \/>\n<meta property=\"og:site_name\" content=\"Foro Agroferomonas\" \/>\n<meta property=\"article:modified_time\" content=\"2022-10-28T16:51:41+00:00\" \/>\n<meta property=\"og:image\" content=\"https:\/\/agroferomonas.com\/wp-content\/uploads\/2022\/10\/Vino-espanol.jpg\" \/>\n\t<meta property=\"og:image:width\" content=\"500\" \/>\n\t<meta property=\"og:image:height\" content=\"333\" \/>\n\t<meta property=\"og:image:type\" content=\"image\/jpeg\" \/>\n<meta name=\"twitter:card\" content=\"summary_large_image\" \/>\n<meta name=\"twitter:label1\" content=\"Estimated reading time\" \/>\n\t<meta name=\"twitter:data1\" content=\"1 minute\" \/>\n<script type=\"application\/ld+json\" class=\"yoast-schema-graph\">{\"@context\":\"https:\/\/schema.org\",\"@graph\":[{\"@type\":\"WebPage\",\"@id\":\"https:\/\/agroferomonas.com\/producto\/vino-espanol\/\",\"url\":\"https:\/\/agroferomonas.com\/producto\/vino-espanol\/\",\"name\":\"Vino Espa\u00f1ol - Foro Agroferomonas\",\"isPartOf\":{\"@id\":\"https:\/\/agroferomonas.com\/#website\"},\"datePublished\":\"2022-10-28T16:08:49+00:00\",\"dateModified\":\"2022-10-28T16:51:41+00:00\",\"breadcrumb\":{\"@id\":\"https:\/\/agroferomonas.com\/producto\/vino-espanol\/#breadcrumb\"},\"inLanguage\":\"en-GB\",\"potentialAction\":[{\"@type\":\"ReadAction\",\"target\":[\"https:\/\/agroferomonas.com\/producto\/vino-espanol\/\"]}]},{\"@type\":\"BreadcrumbList\",\"@id\":\"https:\/\/agroferomonas.com\/producto\/vino-espanol\/#breadcrumb\",\"itemListElement\":[{\"@type\":\"ListItem\",\"position\":1,\"name\":\"Portada\",\"item\":\"https:\/\/agroferomonas.com\/\"},{\"@type\":\"ListItem\",\"position\":2,\"name\":\"Tienda\",\"item\":\"https:\/\/agroferomonas.com\/?page_id=7352\"},{\"@type\":\"ListItem\",\"position\":3,\"name\":\"Vino Espa\u00f1ol\"}]},{\"@type\":\"WebSite\",\"@id\":\"https:\/\/agroferomonas.com\/#website\",\"url\":\"https:\/\/agroferomonas.com\/\",\"name\":\"Foro Agroferomonas\",\"description\":\"Control biol\u00f3gico, trampas y atrayentes\",\"publisher\":{\"@id\":\"https:\/\/agroferomonas.com\/#organization\"},\"potentialAction\":[{\"@type\":\"SearchAction\",\"target\":{\"@type\":\"EntryPoint\",\"urlTemplate\":\"https:\/\/agroferomonas.com\/?s={search_term_string}\"},\"query-input\":\"required name=search_term_string\"}],\"inLanguage\":\"en-GB\"},{\"@type\":\"Organization\",\"@id\":\"https:\/\/agroferomonas.com\/#organization\",\"name\":\"Foro Agroferomonas\",\"url\":\"https:\/\/agroferomonas.com\/\",\"sameAs\":[],\"logo\":{\"@type\":\"ImageObject\",\"inLanguage\":\"en-GB\",\"@id\":\"https:\/\/agroferomonas.com\/#\/schema\/logo\/image\/\",\"url\":\"https:\/\/agroferomonas.com\/wp-content\/uploads\/2022\/01\/logo-agroferomonas-2022-copia.png\",\"contentUrl\":\"https:\/\/agroferomonas.com\/wp-content\/uploads\/2022\/01\/logo-agroferomonas-2022-copia.png\",\"width\":384,\"height\":108,\"caption\":\"Foro Agroferomonas\"},\"image\":{\"@id\":\"https:\/\/agroferomonas.com\/#\/schema\/logo\/image\/\"}}]}<\/script>\n<!-- \/ Yoast SEO plugin. -->","yoast_head_json":{"title":"Vino Espa\u00f1ol - Foro Agroferomonas","robots":{"index":"noindex","follow":"nofollow"},"og_locale":"en_GB","og_type":"article","og_title":"Vino Espa\u00f1ol - Foro Agroferomonas","og_description":"A\u00f1ade el vino espa\u00f1ol a tu entrada presencial si no la compraste anteriormente. Men\u00fa: agroferomonas.com\/menu","og_url":"https:\/\/agroferomonas.com\/en\/product\/vino-espanol\/","og_site_name":"Foro Agroferomonas","article_modified_time":"2022-10-28T16:51:41+00:00","og_image":[{"width":500,"height":333,"url":"https:\/\/agroferomonas.com\/wp-content\/uploads\/2022\/10\/Vino-espanol.jpg","type":"image\/jpeg"}],"twitter_card":"summary_large_image","twitter_misc":{"Estimated reading time":"1 minute"},"schema":{"@context":"https:\/\/schema.org","@graph":[{"@type":"WebPage","@id":"https:\/\/agroferomonas.com\/producto\/vino-espanol\/","url":"https:\/\/agroferomonas.com\/producto\/vino-espanol\/","name":"Vino Espa\u00f1ol - Foro Agroferomonas","isPartOf":{"@id":"https:\/\/agroferomonas.com\/#website"},"datePublished":"2022-10-28T16:08:49+00:00","dateModified":"2022-10-28T16:51:41+00:00","breadcrumb":{"@id":"https:\/\/agroferomonas.com\/producto\/vino-espanol\/#breadcrumb"},"inLanguage":"en-GB","potentialAction":[{"@type":"ReadAction","target":["https:\/\/agroferomonas.com\/producto\/vino-espanol\/"]}]},{"@type":"BreadcrumbList","@id":"https:\/\/agroferomonas.com\/producto\/vino-espanol\/#breadcrumb","itemListElement":[{"@type":"ListItem","position":1,"name":"Portada","item":"https:\/\/agroferomonas.com\/"},{"@type":"ListItem","position":2,"name":"Tienda","item":"https:\/\/agroferomonas.com\/?page_id=7352"},{"@type":"ListItem","position":3,"name":"Vino Espa\u00f1ol"}]},{"@type":"WebSite","@id":"https:\/\/agroferomonas.com\/#website","url":"https:\/\/agroferomonas.com\/","name":"Foro Agroferomonas","description":"Control biol\u00f3gico, trampas y atrayentes","publisher":{"@id":"https:\/\/agroferomonas.com\/#organization"},"potentialAction":[{"@type":"SearchAction","target":{"@type":"EntryPoint","urlTemplate":"https:\/\/agroferomonas.com\/?s={search_term_string}"},"query-input":"required name=search_term_string"}],"inLanguage":"en-GB"},{"@type":"Organization","@id":"https:\/\/agroferomonas.com\/#organization","name":"Foro Agroferomonas","url":"https:\/\/agroferomonas.com\/","sameAs":[],"logo":{"@type":"ImageObject","inLanguage":"en-GB","@id":"https:\/\/agroferomonas.com\/#\/schema\/logo\/image\/","url":"https:\/\/agroferomonas.com\/wp-content\/uploads\/2022\/01\/logo-agroferomonas-2022-copia.png","contentUrl":"https:\/\/agroferomonas.com\/wp-content\/uploads\/2022\/01\/logo-agroferomonas-2022-copia.png","width":384,"height":108,"caption":"Foro Agroferomonas"},"image":{"@id":"https:\/\/agroferomonas.com\/#\/schema\/logo\/image\/"}}]}},"_links":{"self":[{"href":"https:\/\/agroferomonas.com\/en\/wp-json\/wp\/v2\/product\/9823"}],"collection":[{"href":"https:\/\/agroferomonas.com\/en\/wp-json\/wp\/v2\/product"}],"about":[{"href":"https:\/\/agroferomonas.com\/en\/wp-json\/wp\/v2\/types\/product"}],"wp:featuredmedia":[{"embeddable":true,"href":"https:\/\/agroferomonas.com\/en\/wp-json\/wp\/v2\/media\/9824"}],"wp:attachment":[{"href":"https:\/\/agroferomonas.com\/en\/wp-json\/wp\/v2\/media?parent=9823"}],"wp:term":[{"taxonomy":"product_cat","embeddable":true,"href":"https:\/\/agroferomonas.com\/en\/wp-json\/wp\/v2\/product_cat?post=9823"},{"taxonomy":"product_tag","embeddable":true,"href":"https:\/\/agroferomonas.com\/en\/wp-json\/wp\/v2\/product_tag?post=9823"}],"curies":[{"name":"wp","href":"https:\/\/api.w.org\/{rel}","templated":true}]}}